{"id":125,"date":"2023-09-28T12:05:04","date_gmt":"2023-09-28T10:05:04","guid":{"rendered":"https:\/\/dronestuff.es\/?page_id=125"},"modified":"2025-07-23T13:52:50","modified_gmt":"2025-07-23T11:52:50","slug":"home","status":"publish","type":"page","link":"https:\/\/dronestuff.es\/","title":{"rendered":"\u00a1Bienvenido!"},"content":{"rendered":"\n<p><\/p>\n\n\n\n<p class=\"has-text-align-right has-large-font-size\"><\/p>\n\n\n\n<figure class=\"wp-block-image alignleft size-large is-resized\"><img fetchpriority=\"high\" decoding=\"async\" width=\"1024\" height=\"576\" src=\"https:\/\/dronestuff.es\/wp-content\/uploads\/2023\/09\/DS-1024x576.png\" alt=\"\" class=\"wp-image-68\" style=\"aspect-ratio:1.7797356828193833;width:363px;height:auto\" srcset=\"https:\/\/dronestuff.es\/wp-content\/uploads\/2023\/09\/DS-1024x576.png 1024w, https:\/\/dronestuff.es\/wp-content\/uploads\/2023\/09\/DS-600x338.png 600w, https:\/\/dronestuff.es\/wp-content\/uploads\/2023\/09\/DS-300x169.png 300w, https:\/\/dronestuff.es\/wp-content\/uploads\/2023\/09\/DS-768x432.png 768w, https:\/\/dronestuff.es\/wp-content\/uploads\/2023\/09\/DS.png 1280w\" sizes=\"(max-width: 1024px) 100vw, 1024px\" \/><\/figure>\n\n\n\n<p><em><strong>Las mejores fotos y videos desde la perspectiva de un drone.<\/strong><\/em><\/p>\n\n\n\n<p class=\"has-text-align-left has-black-color has-white-background-color has-text-color has-background has-normal-font-size\">Est\u00e1s en <strong>DRONESTUFF<\/strong>, web dedicada a la fotograf\u00eda y filmaci\u00f3n a\u00e9rea con drones. En nuestro apartado de \u00ab<strong><a href=\"https:\/\/dronestuff.es\/index.php\/galerias-privadas\/\" target=\"_blank\" rel=\"noreferrer noopener\">PORFOLIO<\/a><\/strong>\u00bb dispones de una surtida galer\u00eda de fotograf\u00edas y videos de algunos de nuestros trabajos, que te podr\u00e1s descargar (con marca de agua) o comprar a un precio muy competitivo.<\/p>\n\n\n\n<p class=\"has-text-align-left has-black-color has-white-background-color has-text-color has-background has-normal-font-size\">En\u00a0<strong>DRONESTUFF<\/strong> tambi\u00e9n realizamos otros trabajos con drones, como, publicidad, eventos,  fotogrametr\u00eda, revisiones t\u00e9cnicas, planificaci\u00f3n de obras, revisi\u00f3n de estructuras, promociones tur\u00edsticas y culturales entre otras muchas actividades.<\/p>\n\n\n\n<p class=\"has-text-align-left has-black-color has-white-background-color has-text-color has-background has-normal-font-size\">&nbsp;Nuestros pilotos, certificados tanto a nivel nacional como europeo, por la&nbsp;<a href=\"https:\/\/www.seguridadaerea.gob.es\/es\/ambitos\/drones\" target=\"_blank\" rel=\"noreferrer noopener\"><strong>Agencia Estatal de Seguridad A\u00e9rea&nbsp;<\/strong>(<strong>AESA<\/strong>)<\/a>, cuentan con las acreditaciones para realizar casi cualquier proyecto. Nos encargamos nosotros mismos de solicitar todos los permisos necesarios seg\u00fan la zona de operaciones. Disponemos de una flota suficiente para abordar una amplia gama de trabajos y todos nuestros drones est\u00e1n asegurados ante cualquier incidencia legal. <\/p>\n\n\n\n<p class=\"has-text-align-left has-black-color has-white-background-color has-text-color has-background has-normal-font-size\">Si quieres saber m\u00e1s sobre <strong>DRONESTUFF<\/strong> y los trabajos que hacemos, entra en \u00ab<strong><a href=\"https:\/\/dronestuff.es\/index.php\/pagina-ejemplo\/\" target=\"_blank\" rel=\"noreferrer noopener\">NOSOTROS<\/a><\/strong>\u00ab, donde tienes una descripci\u00f3n m\u00e1s detallada.<\/p>\n\n\n\n<p class=\"has-text-align-left has-black-color has-white-background-color has-text-color has-background has-normal-font-size\">Ya tenemos todo preparado y estamos listos para poner a tu disposici\u00f3n nuestras mejores fotos y videos desde la perspectiva de un drone.<\/p>\n\n\n\n<p><\/p>\n\n\n\n<p><\/p>\n\n\n\n<p class=\"has-medium-gray-color has-text-color has-link-color wp-elements-1676bb88d9ed7c4386610e5206595337\"><\/p>\n\n\n\n<p><\/p>\n","protected":false},"excerpt":{"rendered":"<p>Las mejores fotos y videos desde la perspectiva de un drone. Est\u00e1s en DRONESTUFF, web dedicada a la fotograf\u00eda y [&hellip;]<\/p>\n","protected":false},"author":1,"featured_media":0,"parent":0,"menu_order":0,"comment_status":"closed","ping_status":"closed","template":"","meta":{"site-sidebar-layout":"default","site-content-layout":"","ast-site-content-layout":"default","site-content-style":"default","site-sidebar-style":"default","ast-global-header-display":"","ast-banner-title-visibility":"","ast-main-header-display":"","ast-hfb-above-header-display":"","ast-hfb-below-header-display":"","ast-hfb-mobile-header-display":"","site-post-title":"","ast-breadcrumbs-content":"","ast-featured-img":"","footer-sml-layout":"","ast-disable-related-posts":"","theme-transparent-header-meta":"","adv-header-id-meta":"","stick-header-meta":"","header-above-stick-meta":"","header-main-stick-meta":"","header-below-stick-meta":"","astra-migrate-meta-layouts":"default","ast-page-background-enabled":"default","ast-page-background-meta":{"desktop":{"background-color":"var(--ast-global-color-4)","background-image":"","background-repeat":"repeat","background-position":"center center","background-size":"auto","background-attachment":"scroll","background-type":"","background-media":"","overlay-type":"","overlay-color":"","overlay-opacity":"","overlay-gradient":""},"tablet":{"background-color":"","background-image":"","background-repeat":"repeat","background-position":"center center","background-size":"auto","background-attachment":"scroll","background-type":"","background-media":"","overlay-type":"","overlay-color":"","overlay-opacity":"","overlay-gradient":""},"mobile":{"background-color":"","background-image":"","background-repeat":"repeat","background-position":"center center","background-size":"auto","background-attachment":"scroll","background-type":"","background-media":"","overlay-type":"","overlay-color":"","overlay-opacity":"","overlay-gradient":""}},"ast-content-background-meta":{"desktop":{"background-color":"var(--ast-global-color-5)","background-image":"","background-repeat":"repeat","background-position":"center center","background-size":"auto","background-attachment":"scroll","background-type":"","background-media":"","overlay-type":"","overlay-color":"","overlay-opacity":"","overlay-gradient":""},"tablet":{"background-color":"var(--ast-global-color-5)","background-image":"","background-repeat":"repeat","background-position":"center center","background-size":"auto","background-attachment":"scroll","background-type":"","background-media":"","overlay-type":"","overlay-color":"","overlay-opacity":"","overlay-gradient":""},"mobile":{"background-color":"var(--ast-global-color-5)","background-image":"","background-repeat":"repeat","background-position":"center center","background-size":"auto","background-attachment":"scroll","background-type":"","background-media":"","overlay-type":"","overlay-color":"","overlay-opacity":"","overlay-gradient":""}},"footnotes":""},"class_list":["post-125","page","type-page","status-publish","hentry"],"_links":{"self":[{"href":"https:\/\/dronestuff.es\/index.php\/wp-json\/wp\/v2\/pages\/125","targetHints":{"allow":["GET"]}}],"collection":[{"href":"https:\/\/dronestuff.es\/index.php\/wp-json\/wp\/v2\/pages"}],"about":[{"href":"https:\/\/dronestuff.es\/index.php\/wp-json\/wp\/v2\/types\/page"}],"author":[{"embeddable":true,"href":"https:\/\/dronestuff.es\/index.php\/wp-json\/wp\/v2\/users\/1"}],"replies":[{"embeddable":true,"href":"https:\/\/dronestuff.es\/index.php\/wp-json\/wp\/v2\/comments?post=125"}],"version-history":[{"count":46,"href":"https:\/\/dronestuff.es\/index.php\/wp-json\/wp\/v2\/pages\/125\/revisions"}],"predecessor-version":[{"id":796,"href":"https:\/\/dronestuff.es\/index.php\/wp-json\/wp\/v2\/pages\/125\/revisions\/796"}],"wp:attachment":[{"href":"https:\/\/dronestuff.es\/index.php\/wp-json\/wp\/v2\/media?parent=125"}],"curies":[{"name":"wp","href":"https:\/\/api.w.org\/{rel}","templated":true}]}}